{"id":116,"date":"2024-02-08T10:02:57","date_gmt":"2024-02-08T09:02:57","guid":{"rendered":"https:\/\/vtminstaladora.com\/?page_id=116"},"modified":"2024-02-08T10:11:42","modified_gmt":"2024-02-08T09:11:42","slug":"codiciones-generales","status":"publish","type":"page","link":"https:\/\/vtminstaladora.com\/index.php\/codiciones-generales\/","title":{"rendered":"Codiciones generales"},"content":{"rendered":"\t\t<div data-elementor-type=\"wp-page\" data-elementor-id=\"116\" class=\"elementor elementor-116\" data-elementor-post-type=\"page\">\n\t\t\t\t<div class=\"elementor-element elementor-element-5cd7d03 e-flex e-con-boxed e-con e-parent\" data-id=\"5cd7d03\" data-element_type=\"container\" data-settings=\"{&quot;background_background&quot;:&quot;classic&quot;}\">\n\t\t\t\t\t<div class=\"e-con-inner\">\n\t\t\t\t<div class=\"elementor-element elementor-element-d2a7ec8 elementor-widget elementor-widget-heading\" data-id=\"d2a7ec8\" data-element_type=\"widget\" data-widget_type=\"heading.default\">\n\t\t\t\t<div class=\"elementor-widget-container\">\n\t\t\t\t\t<h2 class=\"elementor-heading-title elementor-size-default\">Codiciones generales<\/h2>\t\t\t\t<\/div>\n\t\t\t\t<\/div>\n\t\t\t\t\t<\/div>\n\t\t\t\t<\/div>\n\t\t<div class=\"elementor-element elementor-element-1ee04bf e-flex e-con-boxed e-con e-parent\" data-id=\"1ee04bf\" data-element_type=\"container\">\n\t\t\t\t\t<div class=\"e-con-inner\">\n\t\t<div class=\"elementor-element elementor-element-3741100 e-flex e-con-boxed e-con e-child\" data-id=\"3741100\" data-element_type=\"container\" data-settings=\"{&quot;background_background&quot;:&quot;classic&quot;}\">\n\t\t\t\t\t<div class=\"e-con-inner\">\n\t\t\t\t<div class=\"elementor-element elementor-element-55b152a elementor-icon-list--layout-inline elementor-list-item-link-full_width elementor-widget elementor-widget-icon-list\" data-id=\"55b152a\" data-element_type=\"widget\" data-widget_type=\"icon-list.default\">\n\t\t\t\t<div class=\"elementor-widget-container\">\n\t\t\t\t\t\t\t<ul class=\"elementor-icon-list-items elementor-inline-items\">\n\t\t\t\t\t\t\t<li class=\"elementor-icon-list-item elementor-inline-item\">\n\t\t\t\t\t\t\t\t\t\t\t<span class=\"elementor-icon-list-icon\">\n\t\t\t\t\t\t\t<svg aria-hidden=\"true\" class=\"e-font-icon-svg e-fas-clipboard-list\" viewBox=\"0 0 384 512\" xmlns=\"http:\/\/www.w3.org\/2000\/svg\"><path d=\"M336 64h-80c0-35.3-28.7-64-64-64s-64 28.7-64 64H48C21.5 64 0 85.5 0 112v352c0 26.5 21.5 48 48 48h288c26.5 0 48-21.5 48-48V112c0-26.5-21.5-48-48-48zM96 424c-13.3 0-24-10.7-24-24s10.7-24 24-24 24 10.7 24 24-10.7 24-24 24zm0-96c-13.3 0-24-10.7-24-24s10.7-24 24-24 24 10.7 24 24-10.7 24-24 24zm0-96c-13.3 0-24-10.7-24-24s10.7-24 24-24 24 10.7 24 24-10.7 24-24 24zm96-192c13.3 0 24 10.7 24 24s-10.7 24-24 24-24-10.7-24-24 10.7-24 24-24zm128 368c0 4.4-3.6 8-8 8H168c-4.4 0-8-3.6-8-8v-16c0-4.4 3.6-8 8-8h144c4.4 0 8 3.6 8 8v16zm0-96c0 4.4-3.6 8-8 8H168c-4.4 0-8-3.6-8-8v-16c0-4.4 3.6-8 8-8h144c4.4 0 8 3.6 8 8v16zm0-96c0 4.4-3.6 8-8 8H168c-4.4 0-8-3.6-8-8v-16c0-4.4 3.6-8 8-8h144c4.4 0 8 3.6 8 8v16z\"><\/path><\/svg>\t\t\t\t\t\t<\/span>\n\t\t\t\t\t\t\t\t\t\t<span class=\"elementor-icon-list-text\">Condiciones generales de venta<\/span>\n\t\t\t\t\t\t\t\t\t<\/li>\n\t\t\t\t\t\t<\/ul>\n\t\t\t\t\t\t<\/div>\n\t\t\t\t<\/div>\n\t\t\t\t<div class=\"elementor-element elementor-element-9b50ddc elementor-widget elementor-widget-text-editor\" data-id=\"9b50ddc\" data-element_type=\"widget\" data-widget_type=\"text-editor.default\">\n\t\t\t\t<div class=\"elementor-widget-container\">\n\t\t\t\t\t\t\t\t\t<p>Las presentes condiciones generales de venta tienen por objeto informar a todos los usuarios de las condiciones y modalidades en las que\u00a0<strong>Paredes y Aislamientos SL<\/strong>\u00a0procede a la venta y env\u00edo de los productos comprados y definir los derechos y obligaciones de las partes en el marco de la venta de productos. Estas se aplican sin restricci\u00f3n ni reserva por la empresa\u00a0<strong>Paredes y Aislamientos SL<\/strong>\u00a0a las ventas realizadas de los productos expuestos en esta web.<br \/><strong>Paredes y Aislamientos SL<\/strong>\u00a0puede modificar las condiciones generales de venta en cualquier momento. Todas las ventas se rigen por estas condiciones generales de venta, excepto aquellos con otras condiciones expresas modificadas por motivos promocionales o personales del comprador.<br \/>Los precios de los productos de esta web, incluida la tarifa descargable en PDF est\u00e1n indicados en euros y sin el IVA incluido.<br \/>En cuanto a los productos y materiales, una vez enviados:<\/p><ul><li><p>No se recoger\u00e1 o devolver\u00e1 ning\u00fan material una vez transcurridos 15 d\u00edas de su entrega, exceptuando defectos de fabricaci\u00f3n.<\/p><\/li><li><p>Tampoco se recoger\u00e1n ni devolver\u00e1n los materiales especiales que se hayan confirmado por escrito<\/p><\/li><li><p>Solo se aceptar\u00e1 la devoluci\u00f3n de materiales que est\u00e9n en su embalaje original, limpio y sin haber sido manipulado<\/p><\/li><li><p>No se podr\u00e1 reclamar ning\u00fan material ya colocado o instalado<\/p><\/li><li><p>Solo se recoger\u00e1n las maderas que sean vendidas por<strong>\u00a0Paredes y Aislamientos SL<\/strong>\u00a0y se encuentren en condiciones \u00f3ptimas<\/p><\/li><\/ul>\t\t\t\t\t\t\t\t<\/div>\n\t\t\t\t<\/div>\n\t\t\t\t\t<\/div>\n\t\t\t\t<\/div>\n\t\t\t\t\t<\/div>\n\t\t\t\t<\/div>\n\t\t\t\t<\/div>\n\t\t","protected":false},"excerpt":{"rendered":"<p>Condiciones generales de venta Las presentes condiciones generales de venta tienen por objeto informar a todos los usuarios de las condiciones y modalidades en las que\u00a0Paredes y Aislamientos SL\u00a0procede a la venta y env\u00edo de los productos comprados y definir los derechos y obligaciones de las partes en el marco de la venta de productos. [&hellip;]<\/p>\n","protected":false},"author":1,"featured_media":0,"parent":0,"menu_order":0,"comment_status":"closed","ping_status":"closed","template":"","meta":{"footnotes":""},"_links":{"self":[{"href":"https:\/\/vtminstaladora.com\/index.php\/wp-json\/wp\/v2\/pages\/116"}],"collection":[{"href":"https:\/\/vtminstaladora.com\/index.php\/wp-json\/wp\/v2\/pages"}],"about":[{"href":"https:\/\/vtminstaladora.com\/index.php\/wp-json\/wp\/v2\/types\/page"}],"author":[{"embeddable":true,"href":"https:\/\/vtminstaladora.com\/index.php\/wp-json\/wp\/v2\/users\/1"}],"replies":[{"embeddable":true,"href":"https:\/\/vtminstaladora.com\/index.php\/wp-json\/wp\/v2\/comments?post=116"}],"version-history":[{"count":16,"href":"https:\/\/vtminstaladora.com\/index.php\/wp-json\/wp\/v2\/pages\/116\/revisions"}],"predecessor-version":[{"id":132,"href":"https:\/\/vtminstaladora.com\/index.php\/wp-json\/wp\/v2\/pages\/116\/revisions\/132"}],"wp:attachment":[{"href":"https:\/\/vtminstaladora.com\/index.php\/wp-json\/wp\/v2\/media?parent=116"}],"curies":[{"name":"wp","href":"https:\/\/api.w.org\/{rel}","templated":true}]}}